{"id":1792,"date":"2017-12-04T07:58:37","date_gmt":"2017-12-04T07:58:37","guid":{"rendered":"http:\/\/aylinsatunolsun.com\/?page_id=1792"},"modified":"2018-01-02T13:41:00","modified_gmt":"2018-01-02T13:41:00","slug":"press-clips-about-aylin-satun-olsun","status":"publish","type":"page","link":"https:\/\/aylinsatunolsun.com\/en\/press-clips-about-aylin-satun-olsun\/","title":{"rendered":"Press"},"content":{"rendered":"<div class=\"wpb-content-wrapper\"><p>[vc_row][vc_column][vc_gallery type=&#8221;image_grid&#8221; interval=&#8221;3&#8243; images=&#8221;635,377,376,375,374,372,373,466,633,634,738&#8243; onclick=&#8221;link_image&#8221; custom_links_target=&#8221;_self&#8221;][vc_column_text]<\/p>\n<ul>\n<li>Mart 2011 &#8211;\u00a0<a href=\"http:\/\/www.termodinamik.info\/?pid=24885\" target=\"_blank\" rel=\"noopener\">Schneider Electric&#8217;ten Kad\u0131n \u00c7al\u0131\u015fanlar\u0131na \u00d6zel Destek Programlar\u0131<\/a><\/li>\n<li>08.06.2011 &#8211;\u00a0<a href=\"http:\/\/www.haberortak.com\/Haber\/Cevre\/08062011\/Ogrenciler-cevreci-sehirler-icin-yarisiyor.php#storyContinued\" target=\"_blank\" rel=\"noopener\">\u00d6\u011frenciler \u00e7evreci \u015fehirler i\u00e7in yar\u0131\u015f\u0131yor<\/a><\/li>\n<li>28.08.2012 &#8211; \u00a0<a href=\"http:\/\/www.kariyer.net\/kariyer-rehberi\/itulu-ogrenciler-dunya-2-si-oldu\/\" target=\"_blank\" rel=\"noopener\">\u0130T\u00dc\u2019l\u00fc \u00f6\u011frenciler d\u00fcnya 2.\u2019si oldu<\/a><\/li>\n<li>2.12.2013 &#8211;\u00a0<a href=\"http:\/\/www.esnafturk.org\/127-utanc-sirasi.html\" target=\"_blank\" rel=\"noopener\">KADIN HAKLARI\u201d NEDEN M\u0130 LAFTA KALIYOR ?<\/a><\/li>\n<li><a href=\"https:\/\/www.secretcv.com\/kariyer-rehberi\/kose-yazarlari\/aylin-olsun-ucrette-esitlik-forumunun-ardindan\" target=\"_blank\" rel=\"noopener\">Aylin Olsun: \u00dccrette E\u015fitlik Forumunun Ard\u0131ndan<\/a><\/li>\n<\/ul>\n<p>[\/vc_column_text][\/vc_column][\/vc_row]<\/p>\n<\/div>","protected":false},"excerpt":{"rendered":"<p>[vc_row][vc_column][vc_gallery type=&#8221;image_grid&#8221; interval=&#8221;3&#8243; images=&#8221;635,377,376,375,374,372,373,466,633,634,738&#8243; onclick=&#8221;link_image&#8221; custom_links_target=&#8221;_self&#8221;][vc_column_text] Mart 2011 &#8211;\u00a0Schneider Electric&#8217;ten Kad\u0131n \u00c7al\u0131\u015fanlar\u0131na \u00d6zel Destek Programlar\u0131 08.06.2011 &#8211;\u00a0\u00d6\u011frenciler \u00e7evreci \u015fehirler i\u00e7in yar\u0131\u015f\u0131yor 28.08.2012 &#8211; \u00a0\u0130T\u00dc\u2019l\u00fc \u00f6\u011frenciler d\u00fcnya 2.\u2019si oldu 2.12.2013 &#8211;\u00a0KADIN HAKLARI\u201d NEDEN M\u0130 LAFTA KALIYOR ? Aylin Olsun: \u00dccrette E\u015fitlik Forumunun Ard\u0131ndan [\/vc_column_text][\/vc_column][\/vc_row]<\/p>\n","protected":false},"author":1,"featured_media":0,"parent":0,"menu_order":19,"comment_status":"closed","ping_status":"open","template":"","meta":{"footnotes":""},"class_list":["post-1792","page","type-page","status-publish","hentry"],"yoast_head":"<!-- This site is optimized with the Yoast SEO plugin v25.0 - https:\/\/yoast.com\/wordpress\/plugins\/seo\/ -->\n<title>Press clips and videos about Aylin Satun Olsun in the web<\/title>\n<meta name=\"description\" content=\"You can find some press clips and short videos about Aylin Satun Olsun. You can see Human resource projects, women news with regards to Aylin olsun\" \/>\n<meta name=\"robots\" content=\"index, follow, max-snippet:-1, max-image-preview:large, max-video-preview:-1\" \/>\n<link rel=\"canonical\" href=\"https:\/\/aylinsatunolsun.com\/galeri-2\/basinda-ve-medyada-aylin-satun-olsun-yansimalari\/\" \/>\n<meta property=\"og:locale\" content=\"en_US\" \/>\n<meta property=\"og:type\" content=\"article\" \/>\n<meta property=\"og:title\" content=\"Press clips and videos about Aylin Satun Olsun in the web\" \/>\n<meta property=\"og:description\" content=\"You can find some press clips and short videos about Aylin Satun Olsun. You can see Human resource projects, women news with regards to Aylin olsun\" \/>\n<meta property=\"og:url\" content=\"https:\/\/aylinsatunolsun.com\/galeri-2\/basinda-ve-medyada-aylin-satun-olsun-yansimalari\/\" \/>\n<meta property=\"og:site_name\" content=\"Aylin Satun Olsun\" \/>\n<meta property=\"article:modified_time\" content=\"2018-01-02T13:41:00+00:00\" \/>\n<meta name=\"twitter:card\" content=\"summary_large_image\" \/>\n<script type=\"application\/ld+json\" class=\"yoast-schema-graph\">{\"@context\":\"https:\/\/schema.org\",\"@graph\":[{\"@type\":\"WebPage\",\"@id\":\"https:\/\/aylinsatunolsun.com\/galeri-2\/basinda-ve-medyada-aylin-satun-olsun-yansimalari\/\",\"url\":\"https:\/\/aylinsatunolsun.com\/galeri-2\/basinda-ve-medyada-aylin-satun-olsun-yansimalari\/\",\"name\":\"Press clips and videos about Aylin Satun Olsun in the web\",\"isPartOf\":{\"@id\":\"https:\/\/aylinsatunolsun.com\/#website\"},\"datePublished\":\"2017-12-04T07:58:37+00:00\",\"dateModified\":\"2018-01-02T13:41:00+00:00\",\"description\":\"You can find some press clips and short videos about Aylin Satun Olsun. You can see Human resource projects, women news with regards to Aylin olsun\",\"breadcrumb\":{\"@id\":\"https:\/\/aylinsatunolsun.com\/galeri-2\/basinda-ve-medyada-aylin-satun-olsun-yansimalari\/#breadcrumb\"},\"inLanguage\":\"en-US\",\"potentialAction\":[{\"@type\":\"ReadAction\",\"target\":[\"https:\/\/aylinsatunolsun.com\/galeri-2\/basinda-ve-medyada-aylin-satun-olsun-yansimalari\/\"]}]},{\"@type\":\"BreadcrumbList\",\"@id\":\"https:\/\/aylinsatunolsun.com\/galeri-2\/basinda-ve-medyada-aylin-satun-olsun-yansimalari\/#breadcrumb\",\"itemListElement\":[{\"@type\":\"ListItem\",\"position\":1,\"name\":\"Ana sayfa\",\"item\":\"https:\/\/aylinsatunolsun.com\/\"},{\"@type\":\"ListItem\",\"position\":2,\"name\":\"Galeri\",\"item\":\"https:\/\/aylinsatunolsun.com\/galeri-2\/\"},{\"@type\":\"ListItem\",\"position\":3,\"name\":\"Press\"}]},{\"@type\":\"WebSite\",\"@id\":\"https:\/\/aylinsatunolsun.com\/#website\",\"url\":\"https:\/\/aylinsatunolsun.com\/\",\"name\":\"Aylin Satun Olsun\",\"description\":\"Ki\u015fisel Web Sitesi\",\"potentialAction\":[{\"@type\":\"SearchAction\",\"target\":{\"@type\":\"EntryPoint\",\"urlTemplate\":\"https:\/\/aylinsatunolsun.com\/?s={search_term_string}\"},\"query-input\":{\"@type\":\"PropertyValueSpecification\",\"valueRequired\":true,\"valueName\":\"search_term_string\"}}],\"inLanguage\":\"en-US\"}]}<\/script>\n<!-- \/ Yoast SEO plugin. -->","yoast_head_json":{"title":"Press clips and videos about Aylin Satun Olsun in the web","description":"You can find some press clips and short videos about Aylin Satun Olsun. You can see Human resource projects, women news with regards to Aylin olsun","robots":{"index":"index","follow":"follow","max-snippet":"max-snippet:-1","max-image-preview":"max-image-preview:large","max-video-preview":"max-video-preview:-1"},"canonical":"https:\/\/aylinsatunolsun.com\/galeri-2\/basinda-ve-medyada-aylin-satun-olsun-yansimalari\/","og_locale":"en_US","og_type":"article","og_title":"Press clips and videos about Aylin Satun Olsun in the web","og_description":"You can find some press clips and short videos about Aylin Satun Olsun. You can see Human resource projects, women news with regards to Aylin olsun","og_url":"https:\/\/aylinsatunolsun.com\/galeri-2\/basinda-ve-medyada-aylin-satun-olsun-yansimalari\/","og_site_name":"Aylin Satun Olsun","article_modified_time":"2018-01-02T13:41:00+00:00","twitter_card":"summary_large_image","schema":{"@context":"https:\/\/schema.org","@graph":[{"@type":"WebPage","@id":"https:\/\/aylinsatunolsun.com\/galeri-2\/basinda-ve-medyada-aylin-satun-olsun-yansimalari\/","url":"https:\/\/aylinsatunolsun.com\/galeri-2\/basinda-ve-medyada-aylin-satun-olsun-yansimalari\/","name":"Press clips and videos about Aylin Satun Olsun in the web","isPartOf":{"@id":"https:\/\/aylinsatunolsun.com\/#website"},"datePublished":"2017-12-04T07:58:37+00:00","dateModified":"2018-01-02T13:41:00+00:00","description":"You can find some press clips and short videos about Aylin Satun Olsun. You can see Human resource projects, women news with regards to Aylin olsun","breadcrumb":{"@id":"https:\/\/aylinsatunolsun.com\/galeri-2\/basinda-ve-medyada-aylin-satun-olsun-yansimalari\/#breadcrumb"},"inLanguage":"en-US","potentialAction":[{"@type":"ReadAction","target":["https:\/\/aylinsatunolsun.com\/galeri-2\/basinda-ve-medyada-aylin-satun-olsun-yansimalari\/"]}]},{"@type":"BreadcrumbList","@id":"https:\/\/aylinsatunolsun.com\/galeri-2\/basinda-ve-medyada-aylin-satun-olsun-yansimalari\/#breadcrumb","itemListElement":[{"@type":"ListItem","position":1,"name":"Ana sayfa","item":"https:\/\/aylinsatunolsun.com\/"},{"@type":"ListItem","position":2,"name":"Galeri","item":"https:\/\/aylinsatunolsun.com\/galeri-2\/"},{"@type":"ListItem","position":3,"name":"Press"}]},{"@type":"WebSite","@id":"https:\/\/aylinsatunolsun.com\/#website","url":"https:\/\/aylinsatunolsun.com\/","name":"Aylin Satun Olsun","description":"Ki\u015fisel Web Sitesi","potentialAction":[{"@type":"SearchAction","target":{"@type":"EntryPoint","urlTemplate":"https:\/\/aylinsatunolsun.com\/?s={search_term_string}"},"query-input":{"@type":"PropertyValueSpecification","valueRequired":true,"valueName":"search_term_string"}}],"inLanguage":"en-US"}]}},"_links":{"self":[{"href":"https:\/\/aylinsatunolsun.com\/en\/wp-json\/wp\/v2\/pages\/1792","targetHints":{"allow":["GET"]}}],"collection":[{"href":"https:\/\/aylinsatunolsun.com\/en\/wp-json\/wp\/v2\/pages"}],"about":[{"href":"https:\/\/aylinsatunolsun.com\/en\/wp-json\/wp\/v2\/types\/page"}],"author":[{"embeddable":true,"href":"https:\/\/aylinsatunolsun.com\/en\/wp-json\/wp\/v2\/users\/1"}],"replies":[{"embeddable":true,"href":"https:\/\/aylinsatunolsun.com\/en\/wp-json\/wp\/v2\/comments?post=1792"}],"version-history":[{"count":2,"href":"https:\/\/aylinsatunolsun.com\/en\/wp-json\/wp\/v2\/pages\/1792\/revisions"}],"predecessor-version":[{"id":1879,"href":"https:\/\/aylinsatunolsun.com\/en\/wp-json\/wp\/v2\/pages\/1792\/revisions\/1879"}],"wp:attachment":[{"href":"https:\/\/aylinsatunolsun.com\/en\/wp-json\/wp\/v2\/media?parent=1792"}],"curies":[{"name":"wp","href":"https:\/\/api.w.org\/{rel}","templated":true}]}}